{"id":1585,"date":"2024-12-03T13:43:09","date_gmt":"2024-12-03T17:43:09","guid":{"rendered":"https:\/\/www.pickleballmoncton.ca\/?page_id=1585"},"modified":"2025-06-26T11:08:25","modified_gmt":"2025-06-26T14:08:25","slug":"historique","status":"publish","type":"page","link":"https:\/\/www.pickleballmoncton.ca\/fr\/a-propos-de-nous\/historique\/","title":{"rendered":"Historique"},"content":{"rendered":"\n<p class=\"proteus-big-text\">Pickleball Moncton est une installation ouverte toute l'ann\u00e9e \u00e0 Moncton pour les amateurs de pickleball de tous les \u00e2ges, de tous les niveaux et de toutes les capacit\u00e9s. Que vous soyez en train d'apprendre le jeu ou que vous soyez un joueur avanc\u00e9, vous trouverez tout ce dont vous avez besoin \u00e0 Pickleball Moncton.<\/p>\n\n\n\n<p>Pickleball Moncton est le&nbsp;seul club de pickleball int\u00e9rieur au Canada Atlantique avec six terrains. Notre club est enti\u00e8rement g\u00e9r\u00e9 par des membres b\u00e9n\u00e9voles qui sont passionn\u00e9s par le sport du pickleball.<\/p>\n\n\n\n<p>Nous avons ouvert nos portes en octobre 2022 lorsqu'une section de Curl Moncton a \u00e9t\u00e9 resurfac\u00e9e et convertie en six terrains de pickleball. Nous offrons des activit\u00e9s sociales, r\u00e9cr\u00e9atives et comp\u00e9titives, ainsi que de la formation donn\u00e9e par des entra\u00eeneurs exp\u00e9riment\u00e9s. Le club est ouvert de 7 h \u00e0 22 h tous les jours. Les membres ont acc\u00e8s \u00e0 un salon, \u00e0 des casiers, \u00e0 des toilettes et, pendant la saison de curling, un bar licenci\u00e9 partag\u00e9 avec Curl Moncton.<\/p>\n\n\n\n<p>Pickleball Moncton vise \u00e0 \u00eatre inclusif et accueillant pour tous.<\/p>\n","protected":false},"excerpt":{"rendered":"<p>Pickleball Moncton est une installation ouverte toute l'ann\u00e9e \u00e0 Moncton pour les amateurs de pickleball de tous les \u00e2ges, de tous les niveaux et de toutes les capacit\u00e9s. Que vous soyez en train d'apprendre le jeu ou que vous soyez un joueur avanc\u00e9, vous trouverez tout ce dont vous avez besoin \u00e0 Pickleball Moncton. Pickleball [&hellip;]<\/p>\n","protected":false},"author":1,"featured_media":0,"parent":30,"menu_order":0,"comment_status":"closed","ping_status":"closed","template":"","meta":{"footnotes":""},"class_list":["post-1585","page","type-page","status-publish","hentry"],"_links":{"self":[{"href":"https:\/\/www.pickleballmoncton.ca\/fr\/wp-json\/wp\/v2\/pages\/1585","targetHints":{"allow":["GET"]}}],"collection":[{"href":"https:\/\/www.pickleballmoncton.ca\/fr\/wp-json\/wp\/v2\/pages"}],"about":[{"href":"https:\/\/www.pickleballmoncton.ca\/fr\/wp-json\/wp\/v2\/types\/page"}],"author":[{"embeddable":true,"href":"https:\/\/www.pickleballmoncton.ca\/fr\/wp-json\/wp\/v2\/users\/1"}],"replies":[{"embeddable":true,"href":"https:\/\/www.pickleballmoncton.ca\/fr\/wp-json\/wp\/v2\/comments?post=1585"}],"version-history":[{"count":4,"href":"https:\/\/www.pickleballmoncton.ca\/fr\/wp-json\/wp\/v2\/pages\/1585\/revisions"}],"predecessor-version":[{"id":2018,"href":"https:\/\/www.pickleballmoncton.ca\/fr\/wp-json\/wp\/v2\/pages\/1585\/revisions\/2018"}],"up":[{"embeddable":true,"href":"https:\/\/www.pickleballmoncton.ca\/fr\/wp-json\/wp\/v2\/pages\/30"}],"wp:attachment":[{"href":"https:\/\/www.pickleballmoncton.ca\/fr\/wp-json\/wp\/v2\/media?parent=1585"}],"curies":[{"name":"wp","href":"https:\/\/api.w.org\/{rel}","templated":true}]}}