{"id":1615,"date":"2024-12-03T14:28:23","date_gmt":"2024-12-03T18:28:23","guid":{"rendered":"https:\/\/www.pickleballmoncton.ca\/?page_id=1615"},"modified":"2025-10-11T23:54:22","modified_gmt":"2025-10-12T02:54:22","slug":"invites-et-visiteurs","status":"publish","type":"page","link":"https:\/\/www.pickleballmoncton.ca\/fr\/info-membres\/invites-et-visiteurs\/","title":{"rendered":"Invit\u00e9s et visiteurs"},"content":{"rendered":"\n<p>Pickleball Moncton est un club de membres et n'offre pas actuellement de possibilit\u00e9 de jeu aux non-membres.<\/p>\n\n\n\n<h2 class=\"wp-block-heading\" id=\"headline-6-1612\">Visiteurs hors ville<\/h2>\n\n\n\n<p>Si vous \u00eates un joueur de l'ext\u00e9rieur de la ville (de plus d'une heure de distance) et que vous souhaitez jouer \u00e0 notre club pendant votre s\u00e9jour \u00e0 Moncton, vous pouvez le faire en tant que visiteur de l\u2019ext\u00e9rieur de la ville. Cependant, avant votre arriv\u00e9e, vous devrez:<\/p>\n\n\n\n<ul class=\"wp-block-list\">\n<li><a href=\"https:\/\/www.pickleballmoncton.ca\/fr\/a-propos-de-nous\/nous-joindre\/\">Nous rejoindre<\/a>&nbsp;pour convenir d'un jour et d'une heure<\/li>\n\n\n\n<li>Remplir un&nbsp;<a href=\"http:\/\/www.pickleballmoncton.ca\/wp-content\/uploads\/sites\/54\/2023\/10\/Waiver-French.pdf\" target=\"_blank\" rel=\"noreferrer noopener\">formulaire de renonciation<\/a><\/li>\n\n\n\n<li>Payez 15 $ pour un laissez-passer d'une journ\u00e9e (payable avant votre arriv\u00e9e) par virement \u00e9lectronique \u00e0&nbsp;<a href=\"mailto:pickleballmoncton1@gmail.com\">pickleballmoncton1@gmail.com<\/a>.<\/li>\n<\/ul>\n","protected":false},"excerpt":{"rendered":"<p>Pickleball Moncton est un club de membres et n'offre pas actuellement de possibilit\u00e9 de jeu aux non-membres. Visiteurs hors ville Si vous \u00eates un joueur de l'ext\u00e9rieur de la ville (de plus d'une heure de distance) et que vous souhaitez jouer \u00e0 notre club pendant votre s\u00e9jour \u00e0 Moncton, vous pouvez le faire en tant [&hellip;]<\/p>\n","protected":false},"author":1,"featured_media":0,"parent":287,"menu_order":0,"comment_status":"closed","ping_status":"closed","template":"","meta":{"footnotes":""},"class_list":["post-1615","page","type-page","status-publish","hentry"],"_links":{"self":[{"href":"https:\/\/www.pickleballmoncton.ca\/fr\/wp-json\/wp\/v2\/pages\/1615","targetHints":{"allow":["GET"]}}],"collection":[{"href":"https:\/\/www.pickleballmoncton.ca\/fr\/wp-json\/wp\/v2\/pages"}],"about":[{"href":"https:\/\/www.pickleballmoncton.ca\/fr\/wp-json\/wp\/v2\/types\/page"}],"author":[{"embeddable":true,"href":"https:\/\/www.pickleballmoncton.ca\/fr\/wp-json\/wp\/v2\/users\/1"}],"replies":[{"embeddable":true,"href":"https:\/\/www.pickleballmoncton.ca\/fr\/wp-json\/wp\/v2\/comments?post=1615"}],"version-history":[{"count":3,"href":"https:\/\/www.pickleballmoncton.ca\/fr\/wp-json\/wp\/v2\/pages\/1615\/revisions"}],"predecessor-version":[{"id":2335,"href":"https:\/\/www.pickleballmoncton.ca\/fr\/wp-json\/wp\/v2\/pages\/1615\/revisions\/2335"}],"up":[{"embeddable":true,"href":"https:\/\/www.pickleballmoncton.ca\/fr\/wp-json\/wp\/v2\/pages\/287"}],"wp:attachment":[{"href":"https:\/\/www.pickleballmoncton.ca\/fr\/wp-json\/wp\/v2\/media?parent=1615"}],"curies":[{"name":"wp","href":"https:\/\/api.w.org\/{rel}","templated":true}]}}