{"id":293,"date":"2023-08-18T16:03:52","date_gmt":"2023-08-18T19:03:52","guid":{"rendered":"https:\/\/www.pickleballmoncton.ca\/?page_id=293"},"modified":"2025-06-26T14:50:40","modified_gmt":"2025-06-26T17:50:40","slug":"quest-ce-que-le-pickleball","status":"publish","type":"page","link":"https:\/\/www.pickleballmoncton.ca\/fr\/quest-ce-que-le-pickleball\/","title":{"rendered":"Qu'est-ce que le pickleball ?"},"content":{"rendered":"\n<p>Le pickleball est un sport dynamique et engageant qui d\u00e9ferle sur le monde entier gr\u00e2ce \u00e0 son m\u00e9lange unique de strat\u00e9gie, d'athl\u00e9tisme et de camaraderie. N\u00e9 de la fusion du tennis, du badminton et du tennis de table, le pickleball offre aux joueurs de tous \u00e2ges et de tous niveaux la possibilit\u00e9 de vivre le frisson de la comp\u00e9tition sur le terrain. Jou\u00e9 \u00e0 l'aide d'une pagaie et d'une balle en plastique, ce jeu rapide a conquis le c\u0153ur de tous les amateurs de sport, et notre club de pickleball est votre porte d'entr\u00e9e pour d\u00e9couvrir les joies et les d\u00e9fis que ce sport a \u00e0 offrir.<\/p>\n\n\n\n<p>Au fond, le pickleball combine les meilleurs aspects de diff\u00e9rents sports de raquette, ce qui donne un jeu facile \u00e0 apprendre et qui offre des possibilit\u00e9s infinies de d\u00e9veloppement des comp\u00e9tences. Que vous soyez un d\u00e9butant d\u00e9sireux d'explorer une nouvelle activit\u00e9 r\u00e9cr\u00e9ative ou un athl\u00e8te chevronn\u00e9 \u00e0 la recherche d'un avantage comp\u00e9titif, le pickleball r\u00e9pond \u00e0 un large \u00e9ventail d'int\u00e9r\u00eats. La taille r\u00e9duite du terrain favorise un positionnement strat\u00e9gique et des r\u00e9flexes rapides, faisant de chaque match une exp\u00e9rience dynamique et exaltante. Notre club de pickleball s'efforce de cr\u00e9er une communaut\u00e9 accueillante o\u00f9 les joueurs peuvent perfectionner leurs comp\u00e9tences, nouer des amiti\u00e9s durables et s'immerger dans le plaisir du jeu.<\/p>\n\n\n\n<p>Rejoignez-nous pour embrasser le ph\u00e9nom\u00e8ne du pickleball et d\u00e9couvrir un sport aussi stimulant mentalement que physiquement. Notre club offre aux joueurs une plateforme pour s'engager dans des matchs r\u00e9guliers, recevoir un entra\u00eenement expert et participer \u00e0 des tournois amicaux qui c\u00e9l\u00e8brent \u00e0 la fois la comp\u00e9tition amicale et l'\u00e9panouissement personnel. Que vous souhaitiez am\u00e9liorer votre forme physique, lib\u00e9rer votre esprit de comp\u00e9tition ou simplement vous amuser, le pickleball vous offre tout cela. Venez faire partie de notre famille de pickleball, o\u00f9 l'amour du jeu ne conna\u00eet pas de limites. Ensemble, nous nous rassemblerons sur le terrain pour cr\u00e9er des souvenirs inoubliables et une passion commune pour ce sport incroyable.<\/p>\n","protected":false},"excerpt":{"rendered":"<p>Le pickleball est un sport dynamique et engageant qui d\u00e9ferle sur le monde entier gr\u00e2ce \u00e0 son m\u00e9lange unique de strat\u00e9gie, d'athl\u00e9tisme et de camaraderie. N\u00e9 de la fusion du tennis, du badminton et du tennis de table, le pickleball offre aux joueurs de tous \u00e2ges et de tous niveaux la possibilit\u00e9 de vivre le [&hellip;]<\/p>\n","protected":false},"author":1,"featured_media":0,"parent":0,"menu_order":0,"comment_status":"closed","ping_status":"closed","template":"","meta":{"footnotes":""},"class_list":["post-293","page","type-page","status-publish","hentry"],"_links":{"self":[{"href":"https:\/\/www.pickleballmoncton.ca\/fr\/wp-json\/wp\/v2\/pages\/293","targetHints":{"allow":["GET"]}}],"collection":[{"href":"https:\/\/www.pickleballmoncton.ca\/fr\/wp-json\/wp\/v2\/pages"}],"about":[{"href":"https:\/\/www.pickleballmoncton.ca\/fr\/wp-json\/wp\/v2\/types\/page"}],"author":[{"embeddable":true,"href":"https:\/\/www.pickleballmoncton.ca\/fr\/wp-json\/wp\/v2\/users\/1"}],"replies":[{"embeddable":true,"href":"https:\/\/www.pickleballmoncton.ca\/fr\/wp-json\/wp\/v2\/comments?post=293"}],"version-history":[{"count":3,"href":"https:\/\/www.pickleballmoncton.ca\/fr\/wp-json\/wp\/v2\/pages\/293\/revisions"}],"predecessor-version":[{"id":2068,"href":"https:\/\/www.pickleballmoncton.ca\/fr\/wp-json\/wp\/v2\/pages\/293\/revisions\/2068"}],"wp:attachment":[{"href":"https:\/\/www.pickleballmoncton.ca\/fr\/wp-json\/wp\/v2\/media?parent=293"}],"curies":[{"name":"wp","href":"https:\/\/api.w.org\/{rel}","templated":true}]}}