{"id":44,"date":"2023-08-11T15:30:51","date_gmt":"2023-08-11T18:30:51","guid":{"rendered":"https:\/\/www.pickleballmoncton.ca\/?page_id=44"},"modified":"2026-03-19T08:31:31","modified_gmt":"2026-03-19T11:31:31","slug":"programmation","status":"publish","type":"page","link":"https:\/\/www.pickleballmoncton.ca\/fr\/info-membres\/programmation\/","title":{"rendered":"Programmation"},"content":{"rendered":"\n<h2 class=\"wp-block-heading\" id=\"headline-6-1558\">D\u00e9bute le 9 mars 2026<\/h2>\n\n\n\n<div style=\"height:20px\" aria-hidden=\"true\" class=\"wp-block-spacer\"><\/div>\n\n\n\n<h3 class=\"wp-block-heading\" id=\"headline-6-1558\">Sessions<\/h3>\n\n\n\n<p>Nous proposons diff\u00e9rents moments dans la journ\u00e9e pour que les joueurs puissent jouer. Que vous soyez d\u00e9butant\/interm\u00e9diaire, interm\u00e9diaire\/avanc\u00e9 ou avanc\u00e9, nous avons au moins une session par jour pour votre niveau. Vous pouvez \u00e9galement trouver des sessions pour jouer en simple ou en \u00e9quipe. Notre objectif est de cr\u00e9er des groupes de jeu o\u00f9 les membres peuvent trouver le jeu qui leur convient le mieux.<\/p>\n\n\n\n<h3 class=\"wp-block-heading\" id=\"gmail-headline-8-1558\">R\u00e9servations<\/h3>\n\n\n\n<p>Les r\u00e9servations se font sur l'application Court Reserve.<\/p>\n\n\n\n<p>Pendant les heures de pointe (Prime time), vous devez r\u00e9server avec un minimum de 4 jours et un maximum de 6 joueurs. <\/p>\n\n\n\n<p>Les heures de pointe sont les mardis et jeudis de 12 h - 14 h , 17 h 30 - 19 h et 19 h - 20 h 30.<\/p>\n","protected":false},"excerpt":{"rendered":"<p>D\u00e9bute le 9 mars 2026 Sessions Nous proposons diff\u00e9rents moments dans la journ\u00e9e pour que les joueurs puissent jouer. Que vous soyez d\u00e9butant\/interm\u00e9diaire, interm\u00e9diaire\/avanc\u00e9 ou avanc\u00e9, nous avons au moins une session par jour pour votre niveau. Vous pouvez \u00e9galement trouver des sessions pour jouer en simple ou en \u00e9quipe. Notre objectif est de cr\u00e9er [&hellip;]<\/p>\n","protected":false},"author":1,"featured_media":0,"parent":287,"menu_order":0,"comment_status":"closed","ping_status":"closed","template":"","meta":{"footnotes":""},"class_list":["post-44","page","type-page","status-publish","hentry"],"_links":{"self":[{"href":"https:\/\/www.pickleballmoncton.ca\/fr\/wp-json\/wp\/v2\/pages\/44","targetHints":{"allow":["GET"]}}],"collection":[{"href":"https:\/\/www.pickleballmoncton.ca\/fr\/wp-json\/wp\/v2\/pages"}],"about":[{"href":"https:\/\/www.pickleballmoncton.ca\/fr\/wp-json\/wp\/v2\/types\/page"}],"author":[{"embeddable":true,"href":"https:\/\/www.pickleballmoncton.ca\/fr\/wp-json\/wp\/v2\/users\/1"}],"replies":[{"embeddable":true,"href":"https:\/\/www.pickleballmoncton.ca\/fr\/wp-json\/wp\/v2\/comments?post=44"}],"version-history":[{"count":9,"href":"https:\/\/www.pickleballmoncton.ca\/fr\/wp-json\/wp\/v2\/pages\/44\/revisions"}],"predecessor-version":[{"id":2712,"href":"https:\/\/www.pickleballmoncton.ca\/fr\/wp-json\/wp\/v2\/pages\/44\/revisions\/2712"}],"up":[{"embeddable":true,"href":"https:\/\/www.pickleballmoncton.ca\/fr\/wp-json\/wp\/v2\/pages\/287"}],"wp:attachment":[{"href":"https:\/\/www.pickleballmoncton.ca\/fr\/wp-json\/wp\/v2\/media?parent=44"}],"curies":[{"name":"wp","href":"https:\/\/api.w.org\/{rel}","templated":true}]}}